{"id":133591,"date":"2023-08-23T05:36:58","date_gmt":"2023-08-23T05:36:58","guid":{"rendered":"https:\/\/entwicklung.citizen-conservation.org\/projects\/archive\/"},"modified":"2024-01-10T10:15:34","modified_gmt":"2024-01-10T10:15:34","slug":"archive","status":"publish","type":"page","link":"https:\/\/citizen-conservation.org\/en\/projects\/archive\/","title":{"rendered":"Archive"},"content":{"rendered":"<div class=\"wpb-content-wrapper\"><p>[vc_row unlock_row_content=&#8221;yes&#8221; row_height_percent=&#8221;50&#8243; override_padding=&#8221;yes&#8221; h_padding=&#8221;2&#8243; top_padding=&#8221;2&#8243; bottom_padding=&#8221;2&#8243; back_image=&#8221;130649&#8243; back_position=&#8221;center center&#8221; overlay_alpha=&#8221;30&#8243; gutter_size=&#8221;3&#8243; column_width_percent=&#8221;100&#8243; shift_y=&#8221;0&#8243; z_index=&#8221;0&#8243; uncode_shortcode_id=&#8221;131055&#8243; row_height_pixel=&#8221;160px&#8221;][vc_column width=&#8221;1\/1&#8243;][\/vc_column][\/vc_row][vc_row row_height_percent=&#8221;0&#8243; override_padding=&#8221;yes&#8221; h_padding=&#8221;2&#8243; top_padding=&#8221;4&#8243; bottom_padding=&#8221;4&#8243; back_color=&#8221;color-lxmt&#8221; back_image=&#8221;117834&#8243; overlay_alpha=&#8221;0&#8243; gutter_size=&#8221;4&#8243; column_width_percent=&#8221;100&#8243; shift_y=&#8221;0&#8243; z_index=&#8221;0&#8243; bottom_divider=&#8221;tilt&#8221; medium_visibility=&#8221;yes&#8221; mobile_visibility=&#8221;yes&#8221; uncode_shortcode_id=&#8221;483897&#8243; back_color_type=&#8221;uncode-palette&#8221;][vc_column column_width_use_pixel=&#8221;yes&#8221; position_horizontal=&#8221;left&#8221; gutter_size=&#8221;0&#8243; style=&#8221;dark&#8221; overlay_alpha=&#8221;50&#8243; shift_x=&#8221;0&#8243; shift_y=&#8221;0&#8243; shift_y_down=&#8221;0&#8243; z_index=&#8221;0&#8243; medium_width=&#8221;0&#8243; mobile_width=&#8221;0&#8243; width=&#8221;1\/2&#8243; column_width_pixel=&#8221;500&#8243; uncode_shortcode_id=&#8221;208000&#8243;][uncode_breadcrumbs][vc_custom_heading auto_text=&#8221;yes&#8221; text_color=&#8221;color-xsdn&#8221; text_size=&#8221;h1&#8243; text_weight=&#8221;500&#8243; uncode_shortcode_id=&#8221;388913&#8243; text_color_type=&#8221;uncode-palette&#8221; el_class=&#8221;page-title-bigger&#8221;][\/vc_custom_heading][\/vc_column][vc_column column_width_percent=&#8221;100&#8243; gutter_size=&#8221;3&#8243; overlay_alpha=&#8221;50&#8243; shift_x=&#8221;0&#8243; shift_y=&#8221;0&#8243; shift_y_down=&#8221;0&#8243; z_index=&#8221;0&#8243; medium_width=&#8221;0&#8243; mobile_width=&#8221;0&#8243; width=&#8221;1\/2&#8243; uncode_shortcode_id=&#8221;145176&#8243;][vc_custom_heading text_color=&#8221;color-jevc&#8221; uncode_shortcode_id=&#8221;149662&#8243; text_color_type=&#8221;uncode-palette&#8221;]If you would like to contribute to the success of Citizen Conservation, you will find the right opportunity for you here.[\/vc_custom_heading][\/vc_column][\/vc_row][vc_row row_height_percent=&#8221;0&#8243; back_color=&#8221;color-lxmt&#8221; back_image=&#8221;132071&#8243; overlay_alpha=&#8221;0&#8243; gutter_size=&#8221;4&#8243; column_width_percent=&#8221;100&#8243; shift_y=&#8221;0&#8243; z_index=&#8221;0&#8243; bottom_divider=&#8221;tilt&#8221; desktop_visibility=&#8221;yes&#8221; auto_height_device=&#8221;yes&#8221; uncode_shortcode_id=&#8221;204606&#8243; back_color_type=&#8221;uncode-palette&#8221;][vc_column column_width_use_pixel=&#8221;yes&#8221; position_horizontal=&#8221;left&#8221; gutter_size=&#8221;0&#8243; style=&#8221;dark&#8221; overlay_alpha=&#8221;50&#8243; shift_x=&#8221;0&#8243; shift_y=&#8221;0&#8243; shift_y_down=&#8221;0&#8243; z_index=&#8221;0&#8243; medium_width=&#8221;0&#8243; mobile_width=&#8221;0&#8243; width=&#8221;1\/2&#8243; column_width_pixel=&#8221;500&#8243; uncode_shortcode_id=&#8221;476298&#8243;][uncode_breadcrumbs][vc_custom_heading auto_text=&#8221;yes&#8221; text_color=&#8221;color-xsdn&#8221; text_size=&#8221;h1&#8243; text_weight=&#8221;500&#8243; uncode_shortcode_id=&#8221;213738&#8243; text_color_type=&#8221;uncode-palette&#8221; el_class=&#8221;page-title-bigger&#8221;][\/vc_custom_heading][vc_empty_space empty_h=&#8221;3&#8243;][\/vc_column][vc_column column_width_percent=&#8221;100&#8243; gutter_size=&#8221;3&#8243; overlay_alpha=&#8221;50&#8243; shift_x=&#8221;0&#8243; shift_y=&#8221;0&#8243; shift_y_down=&#8221;0&#8243; z_index=&#8221;0&#8243; medium_width=&#8221;0&#8243; mobile_width=&#8221;0&#8243; width=&#8221;1\/2&#8243; uncode_shortcode_id=&#8221;194347&#8243;][vc_custom_heading text_color=&#8221;color-jevc&#8221; heading_semantic=&#8221;h6&#8243; text_weight=&#8221;400&#8243; uncode_shortcode_id=&#8221;557281&#8243; text_color_type=&#8221;uncode-palette&#8221;]If you would like to contribute to the success of Citizen Conservation, you will find the right opportunity for you here.[\/vc_custom_heading][\/vc_column][\/vc_row][vc_row row_height_percent=&#8221;0&#8243; override_padding=&#8221;yes&#8221; h_padding=&#8221;2&#8243; top_padding=&#8221;4&#8243; bottom_padding=&#8221;3&#8243; overlay_alpha=&#8221;50&#8243; gutter_size=&#8221;3&#8243; column_width_percent=&#8221;100&#8243; shift_y=&#8221;0&#8243; z_index=&#8221;0&#8243; uncode_shortcode_id=&#8221;114136&#8243;][vc_column width=&#8221;1\/1&#8243;][vc_custom_heading text_size=&#8221;h3&#8243; uncode_shortcode_id=&#8221;741906&#8243;]Unique: The larval birth[\/vc_custom_heading][vc_column_text uncode_shortcode_id=&#8221;177576&#8243;]Feuersalamander sind die einzigen Schwanzlurche, die lebende Larven zur Welt bringen und diese direkt im Gew\u00e4sser absetzen. Die Larven des Almanzor-Feuersalamanders bleiben aufgrund der niedrigen Temperaturen ganz besonders lange im Wasser, sie \u00fcberwintern dort in der Regel. Sie werden daher au\u00dfergew\u00f6hnlich gro\u00df, bis zu neun Zentimeter. Sie zeigen, anders als andere Feuersalamander, die typische Schwarz-Gelb-F\u00e4rbung bereits als gro\u00dfe Larven noch im Wasser.[\/vc_column_text][\/vc_column][\/vc_row]<\/p>\n<\/div>","protected":false},"excerpt":{"rendered":"<p>[vc_row unlock_row_content=&#8221;yes&#8221; row_height_percent=&#8221;50&#8243; override_padding=&#8221;yes&#8221; h_padding=&#8221;2&#8243; top_padding=&#8221;2&#8243; bottom_padding=&#8221;2&#8243; back_image=&#8221;130649&#8243; back_position=&#8221;center center&#8221; overlay_alpha=&#8221;30&#8243; gutter_size=&#8221;3&#8243; column_width_percent=&#8221;100&#8243; shift_y=&#8221;0&#8243; z_index=&#8221;0&#8243; uncode_shortcode_id=&#8221;131055&#8243; row_height_pixel=&#8221;160px&#8221;][vc_column width=&#8221;1\/1&#8243;][\/vc_column][\/vc_row][vc_row row_height_percent=&#8221;0&#8243; override_padding=&#8221;yes&#8221; [&hellip;]<\/p>\n","protected":false},"author":1,"featured_media":130721,"parent":133544,"menu_order":0,"comment_status":"closed","ping_status":"closed","template":"","meta":{"jetpack_post_was_ever_published":false,"footnotes":""},"class_list":["post-133591","page","type-page","status-publish","has-post-thumbnail","hentry"],"yoast_head":"<!-- This site is optimized with the Yoast SEO Premium plugin v27.3 (Yoast SEO v27.3) - https:\/\/yoast.com\/product\/yoast-seo-premium-wordpress\/ -->\n<title>Archive | Citizen Conservation<\/title>\n<meta name=\"robots\" content=\"index, follow, max-snippet:-1, max-image-preview:large, max-video-preview:-1\" \/>\n<link rel=\"canonical\" href=\"https:\/\/citizen-conservation.org\/en\/projects\/archive\/\" \/>\n<meta property=\"og:locale\" content=\"en_US\" \/>\n<meta property=\"og:type\" content=\"article\" \/>\n<meta property=\"og:title\" content=\"Archive\" \/>\n<meta property=\"og:description\" content=\"[vc_row unlock_row_content=&#8221;yes&#8221; row_height_percent=&#8221;50&#8243; override_padding=&#8221;yes&#8221; h_padding=&#8221;2&#8243; top_padding=&#8221;2&#8243; bottom_padding=&#8221;2&#8243; back_image=&#8221;130649&#8243; back_position=&#8221;center center&#8221; overlay_alpha=&#8221;30&#8243; gutter_size=&#8221;3&#8243; column_width_percent=&#8221;100&#8243; shift_y=&#8221;0&#8243; z_index=&#8221;0&#8243; uncode_shortcode_id=&#8221;131055&#8243; row_height_pixel=&#8221;160px&#8221;][vc_column width=&#8221;1\/1&#8243;][\/vc_column][\/vc_row][vc_row row_height_percent=&#8221;0&#8243; override_padding=&#8221;yes&#8221; [&hellip;]\" \/>\n<meta property=\"og:url\" content=\"https:\/\/citizen-conservation.org\/en\/projects\/archive\/\" \/>\n<meta property=\"og:site_name\" content=\"Citizen Conservation\" \/>\n<meta property=\"article:publisher\" content=\"https:\/\/www.facebook.com\/citizen.conservation\/\" \/>\n<meta property=\"article:modified_time\" content=\"2024-01-10T10:15:34+00:00\" \/>\n<meta property=\"og:image\" content=\"https:\/\/i0.wp.com\/citizen-conservation.org\/wp-content\/uploads\/2023\/08\/DSC_7731-29-1.jpg?fit=2000%2C1125&ssl=1\" \/>\n\t<meta property=\"og:image:width\" content=\"2000\" \/>\n\t<meta property=\"og:image:height\" content=\"1125\" \/>\n\t<meta property=\"og:image:type\" content=\"image\/jpeg\" \/>\n<meta name=\"twitter:card\" content=\"summary_large_image\" \/>\n<meta name=\"twitter:site\" content=\"@conservationcit\" \/>\n<meta name=\"twitter:label1\" content=\"Est. reading time\" \/>\n\t<meta name=\"twitter:data1\" content=\"3 minutes\" \/>\n<script type=\"application\/ld+json\" class=\"yoast-schema-graph\">{\"@context\":\"https:\\\/\\\/schema.org\",\"@graph\":[{\"@type\":\"WebPage\",\"@id\":\"https:\\\/\\\/citizen-conservation.org\\\/en\\\/projects\\\/archive\\\/\",\"url\":\"https:\\\/\\\/citizen-conservation.org\\\/en\\\/projects\\\/archive\\\/\",\"name\":\"Archive | Citizen Conservation\",\"isPartOf\":{\"@id\":\"https:\\\/\\\/citizen-conservation.org\\\/en\\\/#website\"},\"primaryImageOfPage\":{\"@id\":\"https:\\\/\\\/citizen-conservation.org\\\/en\\\/projects\\\/archive\\\/#primaryimage\"},\"image\":{\"@id\":\"https:\\\/\\\/citizen-conservation.org\\\/en\\\/projects\\\/archive\\\/#primaryimage\"},\"thumbnailUrl\":\"https:\\\/\\\/i0.wp.com\\\/citizen-conservation.org\\\/wp-content\\\/uploads\\\/2023\\\/08\\\/DSC_7731-29-1.jpg?fit=2000%2C1125&ssl=1\",\"datePublished\":\"2023-08-23T05:36:58+00:00\",\"dateModified\":\"2024-01-10T10:15:34+00:00\",\"breadcrumb\":{\"@id\":\"https:\\\/\\\/citizen-conservation.org\\\/en\\\/projects\\\/archive\\\/#breadcrumb\"},\"inLanguage\":\"en-US\",\"potentialAction\":[{\"@type\":\"ReadAction\",\"target\":[\"https:\\\/\\\/citizen-conservation.org\\\/en\\\/projects\\\/archive\\\/\"]}]},{\"@type\":\"ImageObject\",\"inLanguage\":\"en-US\",\"@id\":\"https:\\\/\\\/citizen-conservation.org\\\/en\\\/projects\\\/archive\\\/#primaryimage\",\"url\":\"https:\\\/\\\/i0.wp.com\\\/citizen-conservation.org\\\/wp-content\\\/uploads\\\/2023\\\/08\\\/DSC_7731-29-1.jpg?fit=2000%2C1125&ssl=1\",\"contentUrl\":\"https:\\\/\\\/i0.wp.com\\\/citizen-conservation.org\\\/wp-content\\\/uploads\\\/2023\\\/08\\\/DSC_7731-29-1.jpg?fit=2000%2C1125&ssl=1\",\"width\":2000,\"height\":1125,\"caption\":\"Hier wird viel nachgedacht (CC-Tagung, \u00a9 Thomas Ziegler)\"},{\"@type\":\"BreadcrumbList\",\"@id\":\"https:\\\/\\\/citizen-conservation.org\\\/en\\\/projects\\\/archive\\\/#breadcrumb\",\"itemListElement\":[{\"@type\":\"ListItem\",\"position\":1,\"name\":\"Startseite\",\"item\":\"https:\\\/\\\/citizen-conservation.org\\\/en\\\/\"},{\"@type\":\"ListItem\",\"position\":2,\"name\":\"Projects\",\"item\":\"https:\\\/\\\/citizen-conservation.org\\\/en\\\/projects\\\/\"},{\"@type\":\"ListItem\",\"position\":3,\"name\":\"Archive\"}]},{\"@type\":\"WebSite\",\"@id\":\"https:\\\/\\\/citizen-conservation.org\\\/en\\\/#website\",\"url\":\"https:\\\/\\\/citizen-conservation.org\\\/en\\\/\",\"name\":\"Citizen Conservation\",\"description\":\"Haltung rettet Arten\",\"publisher\":{\"@id\":\"https:\\\/\\\/citizen-conservation.org\\\/en\\\/#organization\"},\"potentialAction\":[{\"@type\":\"SearchAction\",\"target\":{\"@type\":\"EntryPoint\",\"urlTemplate\":\"https:\\\/\\\/citizen-conservation.org\\\/en\\\/?s={search_term_string}\"},\"query-input\":{\"@type\":\"PropertyValueSpecification\",\"valueRequired\":true,\"valueName\":\"search_term_string\"}}],\"inLanguage\":\"en-US\"},{\"@type\":\"Organization\",\"@id\":\"https:\\\/\\\/citizen-conservation.org\\\/en\\\/#organization\",\"name\":\"Citizen Conservation Foundation\",\"url\":\"https:\\\/\\\/citizen-conservation.org\\\/en\\\/\",\"logo\":{\"@type\":\"ImageObject\",\"inLanguage\":\"en-US\",\"@id\":\"https:\\\/\\\/citizen-conservation.org\\\/en\\\/#\\\/schema\\\/logo\\\/image\\\/\",\"url\":\"https:\\\/\\\/citizen-conservation.org\\\/wp-content\\\/uploads\\\/2023\\\/01\\\/Asset-1.svg\",\"contentUrl\":\"https:\\\/\\\/citizen-conservation.org\\\/wp-content\\\/uploads\\\/2023\\\/01\\\/Asset-1.svg\",\"width\":1,\"height\":1,\"caption\":\"Citizen Conservation Foundation\"},\"image\":{\"@id\":\"https:\\\/\\\/citizen-conservation.org\\\/en\\\/#\\\/schema\\\/logo\\\/image\\\/\"},\"sameAs\":[\"https:\\\/\\\/www.facebook.com\\\/citizen.conservation\\\/\",\"https:\\\/\\\/x.com\\\/conservationcit\",\"https:\\\/\\\/www.instagram.com\\\/citizen.conservation\\\/\",\"https:\\\/\\\/www.youtube.com\\\/channel\\\/UC9-b-YOSJnDZ-WtHszWpBqA\"]}]}<\/script>\n<!-- \/ Yoast SEO Premium plugin. -->","yoast_head_json":{"title":"Archive | Citizen Conservation","robots":{"index":"index","follow":"follow","max-snippet":"max-snippet:-1","max-image-preview":"max-image-preview:large","max-video-preview":"max-video-preview:-1"},"canonical":"https:\/\/citizen-conservation.org\/en\/projects\/archive\/","og_locale":"en_US","og_type":"article","og_title":"Archive","og_description":"[vc_row unlock_row_content=&#8221;yes&#8221; row_height_percent=&#8221;50&#8243; override_padding=&#8221;yes&#8221; h_padding=&#8221;2&#8243; top_padding=&#8221;2&#8243; bottom_padding=&#8221;2&#8243; back_image=&#8221;130649&#8243; back_position=&#8221;center center&#8221; overlay_alpha=&#8221;30&#8243; gutter_size=&#8221;3&#8243; column_width_percent=&#8221;100&#8243; shift_y=&#8221;0&#8243; z_index=&#8221;0&#8243; uncode_shortcode_id=&#8221;131055&#8243; row_height_pixel=&#8221;160px&#8221;][vc_column width=&#8221;1\/1&#8243;][\/vc_column][\/vc_row][vc_row row_height_percent=&#8221;0&#8243; override_padding=&#8221;yes&#8221; [&hellip;]","og_url":"https:\/\/citizen-conservation.org\/en\/projects\/archive\/","og_site_name":"Citizen Conservation","article_publisher":"https:\/\/www.facebook.com\/citizen.conservation\/","article_modified_time":"2024-01-10T10:15:34+00:00","og_image":[{"width":2000,"height":1125,"url":"https:\/\/i0.wp.com\/citizen-conservation.org\/wp-content\/uploads\/2023\/08\/DSC_7731-29-1.jpg?fit=2000%2C1125&ssl=1","type":"image\/jpeg"}],"twitter_card":"summary_large_image","twitter_site":"@conservationcit","twitter_misc":{"Est. reading time":"3 minutes"},"schema":{"@context":"https:\/\/schema.org","@graph":[{"@type":"WebPage","@id":"https:\/\/citizen-conservation.org\/en\/projects\/archive\/","url":"https:\/\/citizen-conservation.org\/en\/projects\/archive\/","name":"Archive | Citizen Conservation","isPartOf":{"@id":"https:\/\/citizen-conservation.org\/en\/#website"},"primaryImageOfPage":{"@id":"https:\/\/citizen-conservation.org\/en\/projects\/archive\/#primaryimage"},"image":{"@id":"https:\/\/citizen-conservation.org\/en\/projects\/archive\/#primaryimage"},"thumbnailUrl":"https:\/\/i0.wp.com\/citizen-conservation.org\/wp-content\/uploads\/2023\/08\/DSC_7731-29-1.jpg?fit=2000%2C1125&ssl=1","datePublished":"2023-08-23T05:36:58+00:00","dateModified":"2024-01-10T10:15:34+00:00","breadcrumb":{"@id":"https:\/\/citizen-conservation.org\/en\/projects\/archive\/#breadcrumb"},"inLanguage":"en-US","potentialAction":[{"@type":"ReadAction","target":["https:\/\/citizen-conservation.org\/en\/projects\/archive\/"]}]},{"@type":"ImageObject","inLanguage":"en-US","@id":"https:\/\/citizen-conservation.org\/en\/projects\/archive\/#primaryimage","url":"https:\/\/i0.wp.com\/citizen-conservation.org\/wp-content\/uploads\/2023\/08\/DSC_7731-29-1.jpg?fit=2000%2C1125&ssl=1","contentUrl":"https:\/\/i0.wp.com\/citizen-conservation.org\/wp-content\/uploads\/2023\/08\/DSC_7731-29-1.jpg?fit=2000%2C1125&ssl=1","width":2000,"height":1125,"caption":"Hier wird viel nachgedacht (CC-Tagung, \u00a9 Thomas Ziegler)"},{"@type":"BreadcrumbList","@id":"https:\/\/citizen-conservation.org\/en\/projects\/archive\/#breadcrumb","itemListElement":[{"@type":"ListItem","position":1,"name":"Startseite","item":"https:\/\/citizen-conservation.org\/en\/"},{"@type":"ListItem","position":2,"name":"Projects","item":"https:\/\/citizen-conservation.org\/en\/projects\/"},{"@type":"ListItem","position":3,"name":"Archive"}]},{"@type":"WebSite","@id":"https:\/\/citizen-conservation.org\/en\/#website","url":"https:\/\/citizen-conservation.org\/en\/","name":"Citizen Conservation","description":"Haltung rettet Arten","publisher":{"@id":"https:\/\/citizen-conservation.org\/en\/#organization"},"potentialAction":[{"@type":"SearchAction","target":{"@type":"EntryPoint","urlTemplate":"https:\/\/citizen-conservation.org\/en\/?s={search_term_string}"},"query-input":{"@type":"PropertyValueSpecification","valueRequired":true,"valueName":"search_term_string"}}],"inLanguage":"en-US"},{"@type":"Organization","@id":"https:\/\/citizen-conservation.org\/en\/#organization","name":"Citizen Conservation Foundation","url":"https:\/\/citizen-conservation.org\/en\/","logo":{"@type":"ImageObject","inLanguage":"en-US","@id":"https:\/\/citizen-conservation.org\/en\/#\/schema\/logo\/image\/","url":"https:\/\/citizen-conservation.org\/wp-content\/uploads\/2023\/01\/Asset-1.svg","contentUrl":"https:\/\/citizen-conservation.org\/wp-content\/uploads\/2023\/01\/Asset-1.svg","width":1,"height":1,"caption":"Citizen Conservation Foundation"},"image":{"@id":"https:\/\/citizen-conservation.org\/en\/#\/schema\/logo\/image\/"},"sameAs":["https:\/\/www.facebook.com\/citizen.conservation\/","https:\/\/x.com\/conservationcit","https:\/\/www.instagram.com\/citizen.conservation\/","https:\/\/www.youtube.com\/channel\/UC9-b-YOSJnDZ-WtHszWpBqA"]}]}},"jetpack_sharing_enabled":true,"_links":{"self":[{"href":"https:\/\/citizen-conservation.org\/en\/wp-json\/wp\/v2\/pages\/133591","targetHints":{"allow":["GET"]}}],"collection":[{"href":"https:\/\/citizen-conservation.org\/en\/wp-json\/wp\/v2\/pages"}],"about":[{"href":"https:\/\/citizen-conservation.org\/en\/wp-json\/wp\/v2\/types\/page"}],"author":[{"embeddable":true,"href":"https:\/\/citizen-conservation.org\/en\/wp-json\/wp\/v2\/users\/1"}],"replies":[{"embeddable":true,"href":"https:\/\/citizen-conservation.org\/en\/wp-json\/wp\/v2\/comments?post=133591"}],"version-history":[{"count":2,"href":"https:\/\/citizen-conservation.org\/en\/wp-json\/wp\/v2\/pages\/133591\/revisions"}],"predecessor-version":[{"id":133593,"href":"https:\/\/citizen-conservation.org\/en\/wp-json\/wp\/v2\/pages\/133591\/revisions\/133593"}],"up":[{"embeddable":true,"href":"https:\/\/citizen-conservation.org\/en\/wp-json\/wp\/v2\/pages\/133544"}],"wp:featuredmedia":[{"embeddable":true,"href":"https:\/\/citizen-conservation.org\/en\/wp-json\/wp\/v2\/media\/130721"}],"wp:attachment":[{"href":"https:\/\/citizen-conservation.org\/en\/wp-json\/wp\/v2\/media?parent=133591"}],"curies":[{"name":"wp","href":"https:\/\/api.w.org\/{rel}","templated":true}]}}